{"id":2901,"date":"2015-11-18T08:34:00","date_gmt":"2015-11-18T08:34:00","guid":{"rendered":"https:\/\/educationwp.thimpress.com\/?page_id=2901"},"modified":"2021-06-10T18:37:08","modified_gmt":"2021-06-10T18:37:08","slug":"about-us","status":"publish","type":"page","link":"https:\/\/siici.com.mx\/plataforma-capacitacion\/about-us\/","title":{"rendered":"Nosotros"},"content":{"rendered":"\t\t<div data-elementor-type=\"wp-post\" data-elementor-id=\"2901\" class=\"elementor elementor-2901\" data-elementor-settings=\"[]\">\n\t\t\t\t\t\t\t<div class=\"elementor-section-wrap\">\n\t\t\t\t\t\t\t<section class=\"elementor-section elementor-top-section elementor-element elementor-element-7d27883 elementor-section-boxed elementor-section-height-default elementor-section-height-default\" data-id=\"7d27883\" data-element_type=\"section\">\n\t\t\t\t\t\t<div class=\"elementor-container elementor-column-gap-default\">\n\t\t\t\t\t<div class=\"elementor-column elementor-col-100 elementor-top-column elementor-element elementor-element-d513acf\" data-id=\"d513acf\" data-element_type=\"column\">\n\t\t\t<div class=\"elementor-widget-wrap elementor-element-populated\">\n\t\t\t\t\t\t\t\t<div class=\"elementor-element elementor-element-3197733 elementor-widget elementor-widget-thim-heading\" data-id=\"3197733\" data-element_type=\"widget\" data-widget_type=\"thim-heading.default\">\n\t\t\t\t<div class=\"elementor-widget-container\">\n\t\t\t<div class=\"sc_heading   text-center\"><h3 style=\"text-transform: uppercase;\" class=\"title\">PLAFORMA DE CAPACITACI\u00d3N<\/h3><p class=\"sub-heading\" style=\"\">Contribuir con el desarrollo de M\u00e9xico es nuestro principal compromiso.<\/p><span class=\"line\"><\/span><\/div>\t\t<\/div>\n\t\t\t\t<\/div>\n\t\t\t\t\t<\/div>\n\t\t<\/div>\n\t\t\t\t\t\t\t<\/div>\n\t\t<\/section>\n\t\t\t\t<section class=\"elementor-section elementor-top-section elementor-element elementor-element-2774d67 elementor-section-boxed elementor-section-height-default elementor-section-height-default\" data-id=\"2774d67\" data-element_type=\"section\">\n\t\t\t\t\t\t<div class=\"elementor-container elementor-column-gap-default\">\n\t\t\t\t\t<div class=\"elementor-column elementor-col-100 elementor-top-column elementor-element elementor-element-550e34f\" data-id=\"550e34f\" data-element_type=\"column\">\n\t\t\t<div class=\"elementor-widget-wrap elementor-element-populated\">\n\t\t\t\t\t\t\t\t<div class=\"elementor-element elementor-element-9f70519 elementor-widget elementor-widget-thim-gallery-images\" data-id=\"9f70519\" data-element_type=\"widget\" data-widget_type=\"thim-gallery-images.default\">\n\t\t\t\t<div class=\"elementor-widget-container\">\n\t\t\t<div class=\"thim-carousel-wrapper gallery-img not_have_color \" data-visible=\"1\"data-itemtablet=\"2\" data-itemmobile=\"1\" data-autoplay=\"0\" data-navigation=\"0\" data-pagination=\"1\" data-loop=\"true\"><div class=\"item\"><img src =\"https:\/\/siici.com.mx\/plataforma-capacitacion\/wp-content\/uploads\/2021\/06\/imagen-1.png\" width=\"1920\" height=\"1080\" alt=\"\"\/><\/div><div class=\"item\"><img src =\"https:\/\/siici.com.mx\/plataforma-capacitacion\/wp-content\/uploads\/2021\/06\/imagen-2.png\" width=\"1920\" height=\"1080\" alt=\"\"\/><\/div><div class=\"item\"><img src =\"https:\/\/siici.com.mx\/plataforma-capacitacion\/wp-content\/uploads\/2021\/06\/imagen-3.png\" width=\"1920\" height=\"1080\" alt=\"\"\/><\/div><div class=\"item\"><img src =\"https:\/\/siici.com.mx\/plataforma-capacitacion\/wp-content\/uploads\/2021\/06\/Imagen-4.png\" width=\"1920\" height=\"1080\" alt=\"\"\/><\/div><\/div>\t\t<\/div>\n\t\t\t\t<\/div>\n\t\t\t\t\t<\/div>\n\t\t<\/div>\n\t\t\t\t\t\t\t<\/div>\n\t\t<\/section>\n\t\t\t\t<section class=\"elementor-section elementor-top-section elementor-element elementor-element-02ebb41 elementor-section-boxed elementor-section-height-default elementor-section-height-default\" data-id=\"02ebb41\" data-element_type=\"section\">\n\t\t\t\t\t\t<div class=\"elementor-container elementor-column-gap-default\">\n\t\t\t\t\t<div class=\"elementor-column elementor-col-100 elementor-top-column elementor-element elementor-element-2365040\" data-id=\"2365040\" data-element_type=\"column\">\n\t\t\t<div class=\"elementor-widget-wrap elementor-element-populated\">\n\t\t\t\t\t\t\t\t<div class=\"elementor-element elementor-element-8f6f9dc elementor-widget elementor-widget-text-editor\" data-id=\"8f6f9dc\" data-element_type=\"widget\" data-widget_type=\"text-editor.default\">\n\t\t\t\t<div class=\"elementor-widget-container\">\n\t\t\t\t\t\t\t\t<div class=\"thim-about-us-quote\"><p>\u201cTodos nuestros sue\u00f1os se pueden hacer realidad si tenemos el coraje de perseguirlos\u201d<\/p><div class=\"agency\">Walt Disney<\/div><hr \/><\/div>\t\t\t\t\t\t<\/div>\n\t\t\t\t<\/div>\n\t\t\t\t\t<\/div>\n\t\t<\/div>\n\t\t\t\t\t\t\t<\/div>\n\t\t<\/section>\n\t\t\t\t<section class=\"elementor-section elementor-top-section elementor-element elementor-element-db773c4 elementor-section-boxed elementor-section-height-default elementor-section-height-default\" data-id=\"db773c4\" data-element_type=\"section\">\n\t\t\t\t\t\t<div class=\"elementor-container elementor-column-gap-default\">\n\t\t\t\t\t<div class=\"elementor-column elementor-col-33 elementor-top-column elementor-element elementor-element-f2de48b\" data-id=\"f2de48b\" data-element_type=\"column\">\n\t\t\t<div class=\"elementor-widget-wrap elementor-element-populated\">\n\t\t\t\t\t\t\t\t<div class=\"elementor-element elementor-element-8be2ce7 elementor-widget elementor-widget-heading\" data-id=\"8be2ce7\" data-element_type=\"widget\" data-widget_type=\"heading.default\">\n\t\t\t\t<div class=\"elementor-widget-container\">\n\t\t\t<h3 class=\"elementor-heading-title elementor-size-default\">ORIGEN<\/h3>\t\t<\/div>\n\t\t\t\t<\/div>\n\t\t\t\t<div class=\"elementor-element elementor-element-879609a elementor-widget elementor-widget-text-editor\" data-id=\"879609a\" data-element_type=\"widget\" data-widget_type=\"text-editor.default\">\n\t\t\t\t<div class=\"elementor-widget-container\">\n\t\t\t\t\t\t\t\t<p>Esta plataforma digital surge del compromiso que tenemos con la poblaci\u00f3n inquieta por superarse y ser agente de cambio.<\/p><p>Nuestro director general conoce perfectamente el \u00edmpetu\u00a0 y las complicaciones de quien deciden ser mejores en su d\u00eda a d\u00eda.<\/p><p>De ah\u00ed nace la idea de ofrecer completamente gratis nuestro mejor legado, el conocimiento t\u00e9cnico, que se ha pulido a lo largo de los a\u00f1os.<\/p>\t\t\t\t\t\t<\/div>\n\t\t\t\t<\/div>\n\t\t\t\t\t<\/div>\n\t\t<\/div>\n\t\t\t\t<div class=\"elementor-column elementor-col-33 elementor-top-column elementor-element elementor-element-8a3ce4b\" data-id=\"8a3ce4b\" data-element_type=\"column\">\n\t\t\t<div class=\"elementor-widget-wrap\">\n\t\t\t\t\t\t\t\t\t<\/div>\n\t\t<\/div>\n\t\t\t\t<div class=\"elementor-column elementor-col-33 elementor-top-column elementor-element elementor-element-0f4a14e\" data-id=\"0f4a14e\" data-element_type=\"column\">\n\t\t\t<div class=\"elementor-widget-wrap elementor-element-populated\">\n\t\t\t\t\t\t\t\t<div class=\"elementor-element elementor-element-02e8d75 elementor-widget elementor-widget-heading\" data-id=\"02e8d75\" data-element_type=\"widget\" data-widget_type=\"heading.default\">\n\t\t\t\t<div class=\"elementor-widget-container\">\n\t\t\t<h3 class=\"elementor-heading-title elementor-size-default\">OBJETIVO<\/h3>\t\t<\/div>\n\t\t\t\t<\/div>\n\t\t\t\t<div class=\"elementor-element elementor-element-335f0c7 elementor-widget elementor-widget-text-editor\" data-id=\"335f0c7\" data-element_type=\"widget\" data-widget_type=\"text-editor.default\">\n\t\t\t\t<div class=\"elementor-widget-container\">\n\t\t\t\t\t\t\t\t<p>Generar un impacto positivo a la poblaci\u00f3n en general mediante nuestros cursos gratuitos de capacitaciones para el empleo, ofrecemos contenidos de calidad y actualizados que permitir\u00e1 a los participantes ser m\u00e1s interesantes para las organizaciones.<\/p>\t\t\t\t\t\t<\/div>\n\t\t\t\t<\/div>\n\t\t\t\t\t<\/div>\n\t\t<\/div>\n\t\t\t\t\t\t\t<\/div>\n\t\t<\/section>\n\t\t\t\t<section class=\"elementor-section elementor-top-section elementor-element elementor-element-4583922 elementor-section-stretched elementor-section-full_width elementor-section-height-min-height elementor-section-height-default elementor-section-items-middle\" data-id=\"4583922\" data-element_type=\"section\" data-settings=\"{&quot;stretch_section&quot;:&quot;section-stretched&quot;,&quot;background_background&quot;:&quot;classic&quot;}\">\n\t\t\t\t\t\t<div class=\"elementor-container elementor-column-gap-no\">\n\t\t\t\t\t<div class=\"elementor-column elementor-col-100 elementor-top-column elementor-element elementor-element-97872a9\" data-id=\"97872a9\" data-element_type=\"column\">\n\t\t\t<div class=\"elementor-widget-wrap\">\n\t\t\t\t\t\t\t\t\t<\/div>\n\t\t<\/div>\n\t\t\t\t\t\t\t<\/div>\n\t\t<\/section>\n\t\t\t\t\t\t<\/div>\n\t\t\t\t\t<\/div>\n\t\t","protected":false},"excerpt":{"rendered":"<p>PLAFORMA DE CAPACITACI\u00d3N Contribuir con el desarrollo de M\u00e9xico es nuestro principal compromiso. \u201cTodos nuestros sue\u00f1os se pueden hacer realidad si tenemos el coraje de perseguirlos\u201d Walt Disney ORIGEN Esta plataforma digital surge del compromiso que tenemos con la poblaci\u00f3n &hellip; <\/p>\n","protected":false},"author":1,"featured_media":0,"parent":0,"menu_order":0,"comment_status":"closed","ping_status":"closed","template":"","meta":{"_bbp_topic_count":0,"_bbp_reply_count":0,"_bbp_total_topic_count":0,"_bbp_total_reply_count":0,"_bbp_voice_count":0,"_bbp_anonymous_reply_count":0,"_bbp_topic_count_hidden":0,"_bbp_reply_count_hidden":0,"_bbp_forum_subforum_count":0,"pmpro_default_level":0,"footnotes":""},"class_list":["post-2901","page","type-page","status-publish","hentry","pmpro-has-access"],"yoast_head":"<!-- This site is optimized with the Yoast SEO plugin v16.5 - https:\/\/yoast.com\/wordpress\/plugins\/seo\/ -->\n<title>Nosotros - Plataforma de Capacitaci\u00f3n<\/title>\n<meta name=\"robots\" content=\"index, follow, max-snippet:-1, max-image-preview:large, max-video-preview:-1\" \/>\n<link rel=\"canonical\" href=\"https:\/\/siici.com.mx\/plataforma-capacitacion\/about-us\/\" \/>\n<meta property=\"og:locale\" content=\"es_MX\" \/>\n<meta property=\"og:type\" content=\"article\" \/>\n<meta property=\"og:title\" content=\"Nosotros - Plataforma de Capacitaci\u00f3n\" \/>\n<meta property=\"og:description\" content=\"PLAFORMA DE CAPACITACI\u00d3N Contribuir con el desarrollo de M\u00e9xico es nuestro principal compromiso. \u201cTodos nuestros sue\u00f1os se pueden hacer realidad si tenemos el coraje de perseguirlos\u201d Walt Disney ORIGEN Esta plataforma digital surge del compromiso que tenemos con la poblaci\u00f3n &hellip;\" \/>\n<meta property=\"og:url\" content=\"https:\/\/siici.com.mx\/plataforma-capacitacion\/about-us\/\" \/>\n<meta property=\"og:site_name\" content=\"Plataforma de Capacitaci\u00f3n\" \/>\n<meta property=\"article:modified_time\" content=\"2021-06-10T18:37:08+00:00\" \/>\n<meta name=\"twitter:card\" content=\"summary_large_image\" \/>\n<meta name=\"twitter:label1\" content=\"Tiempo de lectura\" \/>\n\t<meta name=\"twitter:data1\" content=\"2 minutos\" \/>\n<script type=\"application\/ld+json\" class=\"yoast-schema-graph\">{\"@context\":\"https:\/\/schema.org\",\"@graph\":[{\"@type\":\"WebSite\",\"@id\":\"https:\/\/siici.com.mx\/plataforma-capacitacion\/#website\",\"url\":\"https:\/\/siici.com.mx\/plataforma-capacitacion\/\",\"name\":\"Plataforma de Capacitaci\\u00f3n\",\"description\":\"Capac\\u00edtate y f\\u00f3rmate profesionalmente \",\"potentialAction\":[{\"@type\":\"SearchAction\",\"target\":\"https:\/\/siici.com.mx\/plataforma-capacitacion\/?s={search_term_string}\",\"query-input\":\"required name=search_term_string\"}],\"inLanguage\":\"es\"},{\"@type\":\"WebPage\",\"@id\":\"https:\/\/siici.com.mx\/plataforma-capacitacion\/about-us\/#webpage\",\"url\":\"https:\/\/siici.com.mx\/plataforma-capacitacion\/about-us\/\",\"name\":\"Nosotros - Plataforma de Capacitaci\\u00f3n\",\"isPartOf\":{\"@id\":\"https:\/\/siici.com.mx\/plataforma-capacitacion\/#website\"},\"datePublished\":\"2015-11-18T08:34:00+00:00\",\"dateModified\":\"2021-06-10T18:37:08+00:00\",\"breadcrumb\":{\"@id\":\"https:\/\/siici.com.mx\/plataforma-capacitacion\/about-us\/#breadcrumb\"},\"inLanguage\":\"es\",\"potentialAction\":[{\"@type\":\"ReadAction\",\"target\":[\"https:\/\/siici.com.mx\/plataforma-capacitacion\/about-us\/\"]}]},{\"@type\":\"BreadcrumbList\",\"@id\":\"https:\/\/siici.com.mx\/plataforma-capacitacion\/about-us\/#breadcrumb\",\"itemListElement\":[{\"@type\":\"ListItem\",\"position\":1,\"name\":\"Home\",\"item\":\"https:\/\/siici.com.mx\/plataforma-capacitacion\/\"},{\"@type\":\"ListItem\",\"position\":2,\"name\":\"Nosotros\"}]}]}<\/script>\n<!-- \/ Yoast SEO plugin. -->","_links":{"self":[{"href":"https:\/\/siici.com.mx\/plataforma-capacitacion\/wp-json\/wp\/v2\/pages\/2901","targetHints":{"allow":["GET"]}}],"collection":[{"href":"https:\/\/siici.com.mx\/plataforma-capacitacion\/wp-json\/wp\/v2\/pages"}],"about":[{"href":"https:\/\/siici.com.mx\/plataforma-capacitacion\/wp-json\/wp\/v2\/types\/page"}],"author":[{"embeddable":true,"href":"https:\/\/siici.com.mx\/plataforma-capacitacion\/wp-json\/wp\/v2\/users\/1"}],"replies":[{"embeddable":true,"href":"https:\/\/siici.com.mx\/plataforma-capacitacion\/wp-json\/wp\/v2\/comments?post=2901"}],"version-history":[{"count":37,"href":"https:\/\/siici.com.mx\/plataforma-capacitacion\/wp-json\/wp\/v2\/pages\/2901\/revisions"}],"predecessor-version":[{"id":9705,"href":"https:\/\/siici.com.mx\/plataforma-capacitacion\/wp-json\/wp\/v2\/pages\/2901\/revisions\/9705"}],"wp:attachment":[{"href":"https:\/\/siici.com.mx\/plataforma-capacitacion\/wp-json\/wp\/v2\/media?parent=2901"}],"curies":[{"name":"wp","href":"https:\/\/api.w.org\/{rel}","templated":true}]}}